{"id":4,"date":"2022-07-01T17:11:17","date_gmt":"2022-07-01T17:11:17","guid":{"rendered":"https:\/\/neu.theater.zwettl.at\/index.php\/tickets\/"},"modified":"2026-02-27T09:46:24","modified_gmt":"2026-02-27T09:46:24","slug":"tickets","status":"publish","type":"page","link":"https:\/\/theater.zwettl.at\/index.php\/tickets\/","title":{"rendered":"Tickets"},"content":{"rendered":"\t\t<div data-elementor-type=\"wp-page\" data-elementor-id=\"4\" class=\"elementor elementor-4\">\n\t\t\t\t<div class=\"elementor-element elementor-element-28066fce e-flex e-con-boxed e-con e-parent\" data-id=\"28066fce\" data-element_type=\"container\" data-e-type=\"container\">\n\t\t\t\t\t<div class=\"e-con-inner\">\n\t\t\t\t<div class=\"elementor-element elementor-element-5afa516c elementor-widget elementor-widget-text-editor\" data-id=\"5afa516c\" data-element_type=\"widget\" data-e-type=\"widget\" data-widget_type=\"text-editor.default\">\n\t\t\t\t\t\t\t\t\t<p><span style=\"font-size: 18px;\"><strong>Kartenvorverkauf f\u00fcr &#8222;Jedermann&#8220; ist gestartet:<br \/><br \/><\/strong><\/span><\/p>\n<p><strong>ONLINE-TICKETKAUF<br \/><\/strong>Der bequemste Bezugsweg ist, die Eintrittskarten gleich online \u00fcber unseren Onlineshop <br \/><br \/>&gt;&gt; <a title=\"Der Talisman\" href=\"https:\/\/www.eventim-light.com\/at\/a\/67a13161de4537576cd37f54\" target=\"_blank\" rel=\"noopener\">Karten kaufen<\/a> &lt;&lt; <br \/><br \/>zu kaufen und daheim auszudrucken.<\/p>\n<p><strong>VORVERKAUFSSTELLEN<\/strong><br \/>Die Eintrittskarten k\u00f6nnen auch \u00fcber die oeticket-Vorverkaufsstellen (Banken oder Trafiken) bezogen werden: <a href=\"https:\/\/www.oeticket.com\/help\/outlets\/\" target=\"_blank\" rel=\"noopener\">Die Vorverkaufsstellen in Ihrer N\u00e4he finden Sie \u00fcber die Suchmaske auf der Website von oeticket.com<\/a>.<\/p>\n<p><strong>ABENDKASSA<\/strong><br \/>F\u00fcr Sp\u00e4tentschlossene gibt es die M\u00f6glichkeit vor Ort Eintrittskarten zu erwerben.<br \/>Die Abendkassa ist an Auff\u00fchrungstagen ab 18:00 Uhr besetzt. <br \/>Kartenreservierungen k\u00f6nnen keine angenommen werden.<\/p>\n<p><span style=\"font-size: 18px;\"><strong>\u00a0<\/strong><\/span><\/p>\n<p><span style=\"font-size: 18px;\"><em>Beim Kauf Ihrer Eintrittskarten &#8211; im Vorverkauf oder an der Abendkassa &#8211; k\u00f6nnen Sie zwischen der Kategorie 1 (Gelb) und Kategorie 2 (Rot) w\u00e4hlen.<\/em><\/span><\/p>\n<p><span style=\"font-size: 18px;\"><strong>oeticket.light-Kartenvorverkauf<\/strong><br \/><\/span><span style=\"font-size: 18px;\">Kategorie 1 (Gelb): 20 Euro<br \/><\/span><span style=\"font-size: 18px;\">Kategorie 2 (Rot): 18 Euro<br \/><em>2 Euro Erm\u00e4\u00dfigung f\u00fcr Kinder bis 15 Jahre<\/em><strong><br \/><\/strong><\/span><\/p>\n<p><span style=\"font-size: 18px;\"><strong>Abendkassa<\/strong><br \/>Kategorie 1 (Gelb): 22 Euro<br \/>Kategorie 2 (Rot): 20 Euro<br \/><em>2 Euro Erm\u00e4\u00dfigung f\u00fcr Kinder bis 15 Jahre<\/em><\/span><\/p>\n<p><strong>Rollstuhlpl\u00e4tze<\/strong><br \/>Pro Auff\u00fchrung stehen mindestens 3 Rollstuhlpl\u00e4tze in der ersten Reihe zur Verf\u00fcgung.<em><strong><br \/><\/strong><\/em>Zufahrtsm\u00f6glichkeit \u00fcber den Hintereingang am Hammerweg oder \u00fcber den Treppenlift.<em><strong><br \/><\/strong><\/em>F\u00fcr Anfragen bez\u00fcglich Rollstuhlpl\u00e4tzen melden Sie sich bitte unter +43 660 4648025<\/p>\n<p><\/p><\/div><\/div><\/div><\/div> &hellip;<p class=\"ast-the-content-more-link\"> <a class=\"\" href=\"https:\/\/theater.zwettl.at\/index.php\/tickets\/\"> <span class=\"screen-reader-text\">Tickets<\/span>Weiterlesen &raquo;<\/a><\/p>","protected":false},"excerpt":{"rendered":"<p>Kartenvorverkauf f\u00fcr &#8222;Jedermann&#8220; ist gestartet: ONLINE-TICKETKAUFDer bequemste Bezugsweg ist, die Eintrittskarten gleich online \u00fcber unseren Onlineshop &gt;&gt; Karten kaufen &lt;&lt; [&hellip;]<\/p>\n","protected":false},"author":1,"featured_media":0,"parent":0,"menu_order":4,"comment_status":"closed","ping_status":"closed","template":"","meta":{"site-sidebar-layout":"default","site-content-layout":"","ast-site-content-layout":"default","site-content-style":"default","site-sidebar-style":"default","ast-global-header-display":"","ast-banner-title-visibility":"","ast-main-header-display":"","ast-hfb-above-header-display":"","ast-hfb-below-header-display":"","ast-hfb-mobile-header-display":"","site-post-title":"","ast-breadcrumbs-content":"","ast-featured-img":"","footer-sml-layout":"","ast-disable-related-posts":"","theme-transparent-header-meta":"","adv-header-id-meta":"","stick-header-meta":"","header-above-stick-meta":"","header-main-stick-meta":"","header-below-stick-meta":"","astra-migrate-meta-layouts":"default","ast-page-background-enabled":"default","ast-page-background-meta":{"desktop":{"background-color":"var(--ast-global-color-5)","background-image":"","background-repeat":"repeat","background-position":"center center","background-size":"auto","background-attachment":"scroll","background-type":"","background-media":"","overlay-type":"","overlay-color":"","overlay-opacity":"","overlay-gradient":""},"tablet":{"background-color":"","background-image":"","background-repeat":"repeat","background-position":"center center","background-size":"auto","background-attachment":"scroll","background-type":"","background-media":"","overlay-type":"","overlay-color":"","overlay-opacity":"","overlay-gradient":""},"mobile":{"background-color":"","background-image":"","background-repeat":"repeat","background-position":"center center","background-size":"auto","background-attachment":"scroll","background-type":"","background-media":"","overlay-type":"","overlay-color":"","overlay-opacity":"","overlay-gradient":""}},"ast-content-background-meta":{"desktop":{"background-color":"var(--ast-global-color-4)","background-image":"","background-repeat":"repeat","background-position":"center center","background-size":"auto","background-attachment":"scroll","background-type":"","background-media":"","overlay-type":"","overlay-color":"","overlay-opacity":"","overlay-gradient":""},"tablet":{"background-color":"var(--ast-global-color-4)","background-image":"","background-repeat":"repeat","background-position":"center center","background-size":"auto","background-attachment":"scroll","background-type":"","background-media":"","overlay-type":"","overlay-color":"","overlay-opacity":"","overlay-gradient":""},"mobile":{"background-color":"var(--ast-global-color-4)","background-image":"","background-repeat":"repeat","background-position":"center center","background-size":"auto","background-attachment":"scroll","background-type":"","background-media":"","overlay-type":"","overlay-color":"","overlay-opacity":"","overlay-gradient":""}},"footnotes":""},"class_list":["post-4","page","type-page","status-publish","hentry"],"_links":{"self":[{"href":"https:\/\/theater.zwettl.at\/index.php\/wp-json\/wp\/v2\/pages\/4","targetHints":{"allow":["GET"]}}],"collection":[{"href":"https:\/\/theater.zwettl.at\/index.php\/wp-json\/wp\/v2\/pages"}],"about":[{"href":"https:\/\/theater.zwettl.at\/index.php\/wp-json\/wp\/v2\/types\/page"}],"author":[{"embeddable":true,"href":"https:\/\/theater.zwettl.at\/index.php\/wp-json\/wp\/v2\/users\/1"}],"replies":[{"embeddable":true,"href":"https:\/\/theater.zwettl.at\/index.php\/wp-json\/wp\/v2\/comments?post=4"}],"version-history":[{"count":7,"href":"https:\/\/theater.zwettl.at\/index.php\/wp-json\/wp\/v2\/pages\/4\/revisions"}],"predecessor-version":[{"id":339,"href":"https:\/\/theater.zwettl.at\/index.php\/wp-json\/wp\/v2\/pages\/4\/revisions\/339"}],"wp:attachment":[{"href":"https:\/\/theater.zwettl.at\/index.php\/wp-json\/wp\/v2\/media?parent=4"}],"curies":[{"name":"wp","href":"https:\/\/api.w.org\/{rel}","templated":true}]}}